{"id":40192,"date":"2022-08-23T03:00:45","date_gmt":"2022-08-23T10:00:45","guid":{"rendered":"https:\/\/icoc-rdc.org\/staging\/?page_id=40192"},"modified":"2022-08-23T03:28:36","modified_gmt":"2022-08-23T10:28:36","slug":"mission-de-mbuji-mayi","status":"publish","type":"page","link":"https:\/\/icoc-rdc.org\/staging\/mission-de-mbuji-mayi\/","title":{"rendered":"Mbuji-Mayi a vu le Jour"},"content":{"rendered":"\t\t<div data-elementor-type=\"wp-page\" data-elementor-id=\"40192\" class=\"elementor elementor-40192\">\n\t\t\t\t\t\t<section class=\"elementor-section elementor-top-section elementor-element elementor-element-e2f7c6d elementor-section-boxed elementor-section-height-default elementor-section-height-default\" data-id=\"e2f7c6d\" data-element_type=\"section\">\n\t\t\t\t\t\t<div class=\"elementor-container elementor-column-gap-default\">\n\t\t\t\t\t<div class=\"elementor-column elementor-col-16 elementor-top-column elementor-element elementor-element-d4f68a1\" data-id=\"d4f68a1\" data-element_type=\"column\">\n\t\t\t<div class=\"elementor-widget-wrap\">\n\t\t\t\t\t\t\t<\/div>\n\t\t<\/div>\n\t\t\t\t<div class=\"elementor-column elementor-col-66 elementor-top-column elementor-element elementor-element-9f2eefc\" data-id=\"9f2eefc\" data-element_type=\"column\">\n\t\t\t<div class=\"elementor-widget-wrap elementor-element-populated\">\n\t\t\t\t\t\t<div class=\"elementor-element elementor-element-fccbfa9 elementor-widget elementor-widget-image\" data-id=\"fccbfa9\" data-element_type=\"widget\" data-widget_type=\"image.default\">\n\t\t\t\t<div class=\"elementor-widget-container\">\n\t\t\t\t\t\t\t\t\t\t\t\t\t<img fetchpriority=\"high\" decoding=\"async\" width=\"1024\" height=\"683\" src=\"https:\/\/icoc-rdc.org\/staging\/wp-content\/uploads\/2022\/08\/IMG-20220731-WA0044-1024x683.jpg\" class=\"attachment-large size-large wp-image-40231\" alt=\"\" srcset=\"https:\/\/icoc-rdc.org\/staging\/wp-content\/uploads\/2022\/08\/IMG-20220731-WA0044-1024x683.jpg 1024w, https:\/\/icoc-rdc.org\/staging\/wp-content\/uploads\/2022\/08\/IMG-20220731-WA0044-300x200.jpg 300w, https:\/\/icoc-rdc.org\/staging\/wp-content\/uploads\/2022\/08\/IMG-20220731-WA0044-768x512.jpg 768w, https:\/\/icoc-rdc.org\/staging\/wp-content\/uploads\/2022\/08\/IMG-20220731-WA0044-770x513.jpg 770w, https:\/\/icoc-rdc.org\/staging\/wp-content\/uploads\/2022\/08\/IMG-20220731-WA0044-370x247.jpg 370w, https:\/\/icoc-rdc.org\/staging\/wp-content\/uploads\/2022\/08\/IMG-20220731-WA0044.jpg 1080w\" sizes=\"(max-width: 1024px) 100vw, 1024px\" \/>\t\t\t\t\t\t\t\t\t\t\t\t\t<\/div>\n\t\t\t\t<\/div>\n\t\t\t\t\t<\/div>\n\t\t<\/div>\n\t\t\t\t<div class=\"elementor-column elementor-col-16 elementor-top-column elementor-element elementor-element-92682b5\" data-id=\"92682b5\" data-element_type=\"column\">\n\t\t\t<div class=\"elementor-widget-wrap\">\n\t\t\t\t\t\t\t<\/div>\n\t\t<\/div>\n\t\t\t\t\t<\/div>\n\t\t<\/section>\n\t\t\t\t<section class=\"elementor-section elementor-top-section elementor-element elementor-element-6083b2f elementor-section-boxed elementor-section-height-default elementor-section-height-default\" data-id=\"6083b2f\" data-element_type=\"section\">\n\t\t\t\t\t\t<div class=\"elementor-container elementor-column-gap-default\">\n\t\t\t\t\t<div class=\"elementor-column elementor-col-100 elementor-top-column elementor-element elementor-element-9148631\" data-id=\"9148631\" data-element_type=\"column\">\n\t\t\t<div class=\"elementor-widget-wrap elementor-element-populated\">\n\t\t\t\t\t\t<div class=\"elementor-element elementor-element-ba3b0b4 elementor-widget elementor-widget-text-editor\" data-id=\"ba3b0b4\" data-element_type=\"widget\" data-widget_type=\"text-editor.default\">\n\t\t\t\t<div class=\"elementor-widget-container\">\n\t\t\t\t\t\t\t<p><strong><em><sup>\u2018\u201819\u00a0<\/sup><\/em><\/strong><em>Allez, faites de toutes les nations des disciples, les baptisant au nom du P\u00e8re, du Fils et du Saint Esprit, <strong><sup>20\u00a0<\/sup><\/strong>et enseignez-leur \u00e0 observer tout ce que je vous ai prescrit. Et voici, je suis avec vous tous les jours, jusqu&#8217;\u00e0 la fin du monde.<strong><sup> \u2019\u2019 <\/sup><\/strong>(Matthieu 29\u00a0:19-20, LSG)<\/em><\/p><p>Depuis plusieurs ann\u00e9es, le r\u00eave \u00e9tait con\u00e7u, celui d\u2019implanter une nouvelle Eglise \u00e0 l\u2019int\u00e9rieur de la R\u00e9publique D\u00e9mocratique du Congo. Des pri\u00e8res, des je\u00fbnes et autres sacrifices \u00e0 Dieu consentis, et en d\u00e9pit de plusieurs obstacles, le mois de Juillet 2022 a vu ce r\u00eave se r\u00e9aliser.<\/p>\t\t\t\t\t\t<\/div>\n\t\t\t\t<\/div>\n\t\t\t\t\t<\/div>\n\t\t<\/div>\n\t\t\t\t\t<\/div>\n\t\t<\/section>\n\t\t\t\t<section class=\"elementor-section elementor-top-section elementor-element elementor-element-45c35a2 elementor-section-boxed elementor-section-height-default elementor-section-height-default\" data-id=\"45c35a2\" data-element_type=\"section\">\n\t\t\t\t\t\t<div class=\"elementor-container elementor-column-gap-default\">\n\t\t\t\t\t<div class=\"elementor-column elementor-col-100 elementor-top-column elementor-element elementor-element-64a2843\" data-id=\"64a2843\" data-element_type=\"column\">\n\t\t\t<div class=\"elementor-widget-wrap elementor-element-populated\">\n\t\t\t\t\t\t<div class=\"elementor-element elementor-element-4221eca elementor-widget elementor-widget-text-editor\" data-id=\"4221eca\" data-element_type=\"widget\" data-widget_type=\"text-editor.default\">\n\t\t\t\t<div class=\"elementor-widget-container\">\n\t\t\t\t\t\t\t<p>En effet, consacr\u00e9 \u00e0 Dieu depuis des ann\u00e9es, le Dimanche 31 Juillet 2022 a enfin vu la naissance d\u2019une nouvelle Eglise \u00e0 Mbuji-Mayi, Capitale de la province du Kasa\u00ef Oriental, et aussi la deuxi\u00e8me plus grande ville du pays avec une population estim\u00e9e \u00e0 3 Millions (2 765 000) d\u2019Habitants, situ\u00e9e au Centre de la R\u00e9publique D\u00e9mocratique du Congo. Ce travail a \u00e9t\u00e9 l\u2019\u0153uvre d\u2019une \u00e9quipe de 16 disciples, partis pour la mission et qui ont r\u00e9ussi \u00e0 mobiliser pr\u00e8s de 150 invit\u00e9s\u00a0 au culte inaugural.<\/p><p>La nouvelle Eglise sera dirig\u00e9e par le couple Patrick et Gloria Ngandu. Elle ram\u00e8ne ainsi le total des Eglises de la RDC \u00e0 7, et\u00a0 \u00e0 17 celles de la R\u00e9gion d\u2019Afrique Centrale.<\/p>\t\t\t\t\t\t<\/div>\n\t\t\t\t<\/div>\n\t\t\t\t\t<\/div>\n\t\t<\/div>\n\t\t\t\t\t<\/div>\n\t\t<\/section>\n\t\t\t\t<\/div>\n\t\t ","protected":false},"excerpt":{"rendered":"<p>\u2018\u201819&nbsp;Allez, faites de toutes les nations des disciples, les baptisant au nom du P\u00e8re, du Fils et du Saint Esprit, 20&nbsp;et enseignez-leur \u00e0 observer tout &hellip; <\/p>\n","protected":false},"author":1,"featured_media":0,"parent":0,"menu_order":0,"comment_status":"closed","ping_status":"closed","template":"","meta":{"_acf_changed":false,"footnotes":""},"class_list":["post-40192","page","type-page","status-publish","hentry"],"acf":[],"yoast_head":"<!-- This site is optimized with the Yoast SEO plugin v23.3 - https:\/\/yoast.com\/wordpress\/plugins\/seo\/ -->\n<title>Mbuji-Mayi a vu le Jour - ICOCRDC<\/title>\n<meta name=\"robots\" content=\"index, follow, max-snippet:-1, max-image-preview:large, max-video-preview:-1\" \/>\n<link rel=\"canonical\" href=\"https:\/\/icoc-rdc.org\/staging\/mission-de-mbuji-mayi\/\" \/>\n<meta property=\"og:locale\" content=\"fr_FR\" \/>\n<meta property=\"og:type\" content=\"article\" \/>\n<meta property=\"og:title\" content=\"Mbuji-Mayi a vu le Jour - ICOCRDC\" \/>\n<meta property=\"og:description\" content=\"\u2018\u201819&nbsp;Allez, faites de toutes les nations des disciples, les baptisant au nom du P\u00e8re, du Fils et du Saint Esprit, 20&nbsp;et enseignez-leur \u00e0 observer tout &hellip;\" \/>\n<meta property=\"og:url\" content=\"https:\/\/icoc-rdc.org\/staging\/mission-de-mbuji-mayi\/\" \/>\n<meta property=\"og:site_name\" content=\"ICOCRDC\" \/>\n<meta property=\"article:modified_time\" content=\"2022-08-23T10:28:36+00:00\" \/>\n<meta property=\"og:image\" content=\"https:\/\/icoc-rdc.org\/staging\/wp-content\/uploads\/2022\/08\/IMG-20220731-WA0044-1024x683.jpg\" \/>\n<meta name=\"twitter:card\" content=\"summary_large_image\" \/>\n<meta name=\"twitter:label1\" content=\"Dur\u00e9e de lecture estim\u00e9e\" \/>\n\t<meta name=\"twitter:data1\" content=\"2 minutes\" \/>\n<script type=\"application\/ld+json\" class=\"yoast-schema-graph\">{\"@context\":\"https:\/\/schema.org\",\"@graph\":[{\"@type\":\"WebPage\",\"@id\":\"https:\/\/icoc-rdc.org\/staging\/mission-de-mbuji-mayi\/\",\"url\":\"https:\/\/icoc-rdc.org\/staging\/mission-de-mbuji-mayi\/\",\"name\":\"Mbuji-Mayi a vu le Jour - ICOCRDC\",\"isPartOf\":{\"@id\":\"https:\/\/icoc-rdc.org\/staging\/#website\"},\"primaryImageOfPage\":{\"@id\":\"https:\/\/icoc-rdc.org\/staging\/mission-de-mbuji-mayi\/#primaryimage\"},\"image\":{\"@id\":\"https:\/\/icoc-rdc.org\/staging\/mission-de-mbuji-mayi\/#primaryimage\"},\"thumbnailUrl\":\"https:\/\/icoc-rdc.org\/staging\/wp-content\/uploads\/2022\/08\/IMG-20220731-WA0044-1024x683.jpg\",\"datePublished\":\"2022-08-23T10:00:45+00:00\",\"dateModified\":\"2022-08-23T10:28:36+00:00\",\"breadcrumb\":{\"@id\":\"https:\/\/icoc-rdc.org\/staging\/mission-de-mbuji-mayi\/#breadcrumb\"},\"inLanguage\":\"fr-FR\",\"potentialAction\":[{\"@type\":\"ReadAction\",\"target\":[\"https:\/\/icoc-rdc.org\/staging\/mission-de-mbuji-mayi\/\"]}]},{\"@type\":\"ImageObject\",\"inLanguage\":\"fr-FR\",\"@id\":\"https:\/\/icoc-rdc.org\/staging\/mission-de-mbuji-mayi\/#primaryimage\",\"url\":\"https:\/\/icoc-rdc.org\/staging\/wp-content\/uploads\/2022\/08\/IMG-20220731-WA0044.jpg\",\"contentUrl\":\"https:\/\/icoc-rdc.org\/staging\/wp-content\/uploads\/2022\/08\/IMG-20220731-WA0044.jpg\",\"width\":1080,\"height\":720},{\"@type\":\"BreadcrumbList\",\"@id\":\"https:\/\/icoc-rdc.org\/staging\/mission-de-mbuji-mayi\/#breadcrumb\",\"itemListElement\":[{\"@type\":\"ListItem\",\"position\":1,\"name\":\"Accueil\",\"item\":\"https:\/\/icoc-rdc.org\/staging\/\"},{\"@type\":\"ListItem\",\"position\":2,\"name\":\"Mbuji-Mayi a vu le Jour\"}]},{\"@type\":\"WebSite\",\"@id\":\"https:\/\/icoc-rdc.org\/staging\/#website\",\"url\":\"https:\/\/icoc-rdc.org\/staging\/\",\"name\":\"ICOCRDC\",\"description\":\"Connaitre Dieu et le faire Connaitre aux autres\",\"potentialAction\":[{\"@type\":\"SearchAction\",\"target\":{\"@type\":\"EntryPoint\",\"urlTemplate\":\"https:\/\/icoc-rdc.org\/staging\/?s={search_term_string}\"},\"query-input\":\"required name=search_term_string\"}],\"inLanguage\":\"fr-FR\"}]}<\/script>\n<!-- \/ Yoast SEO plugin. -->","yoast_head_json":{"title":"Mbuji-Mayi a vu le Jour - ICOCRDC","robots":{"index":"index","follow":"follow","max-snippet":"max-snippet:-1","max-image-preview":"max-image-preview:large","max-video-preview":"max-video-preview:-1"},"canonical":"https:\/\/icoc-rdc.org\/staging\/mission-de-mbuji-mayi\/","og_locale":"fr_FR","og_type":"article","og_title":"Mbuji-Mayi a vu le Jour - ICOCRDC","og_description":"\u2018\u201819&nbsp;Allez, faites de toutes les nations des disciples, les baptisant au nom du P\u00e8re, du Fils et du Saint Esprit, 20&nbsp;et enseignez-leur \u00e0 observer tout &hellip;","og_url":"https:\/\/icoc-rdc.org\/staging\/mission-de-mbuji-mayi\/","og_site_name":"ICOCRDC","article_modified_time":"2022-08-23T10:28:36+00:00","og_image":[{"url":"https:\/\/icoc-rdc.org\/staging\/wp-content\/uploads\/2022\/08\/IMG-20220731-WA0044-1024x683.jpg"}],"twitter_card":"summary_large_image","twitter_misc":{"Dur\u00e9e de lecture estim\u00e9e":"2 minutes"},"schema":{"@context":"https:\/\/schema.org","@graph":[{"@type":"WebPage","@id":"https:\/\/icoc-rdc.org\/staging\/mission-de-mbuji-mayi\/","url":"https:\/\/icoc-rdc.org\/staging\/mission-de-mbuji-mayi\/","name":"Mbuji-Mayi a vu le Jour - ICOCRDC","isPartOf":{"@id":"https:\/\/icoc-rdc.org\/staging\/#website"},"primaryImageOfPage":{"@id":"https:\/\/icoc-rdc.org\/staging\/mission-de-mbuji-mayi\/#primaryimage"},"image":{"@id":"https:\/\/icoc-rdc.org\/staging\/mission-de-mbuji-mayi\/#primaryimage"},"thumbnailUrl":"https:\/\/icoc-rdc.org\/staging\/wp-content\/uploads\/2022\/08\/IMG-20220731-WA0044-1024x683.jpg","datePublished":"2022-08-23T10:00:45+00:00","dateModified":"2022-08-23T10:28:36+00:00","breadcrumb":{"@id":"https:\/\/icoc-rdc.org\/staging\/mission-de-mbuji-mayi\/#breadcrumb"},"inLanguage":"fr-FR","potentialAction":[{"@type":"ReadAction","target":["https:\/\/icoc-rdc.org\/staging\/mission-de-mbuji-mayi\/"]}]},{"@type":"ImageObject","inLanguage":"fr-FR","@id":"https:\/\/icoc-rdc.org\/staging\/mission-de-mbuji-mayi\/#primaryimage","url":"https:\/\/icoc-rdc.org\/staging\/wp-content\/uploads\/2022\/08\/IMG-20220731-WA0044.jpg","contentUrl":"https:\/\/icoc-rdc.org\/staging\/wp-content\/uploads\/2022\/08\/IMG-20220731-WA0044.jpg","width":1080,"height":720},{"@type":"BreadcrumbList","@id":"https:\/\/icoc-rdc.org\/staging\/mission-de-mbuji-mayi\/#breadcrumb","itemListElement":[{"@type":"ListItem","position":1,"name":"Accueil","item":"https:\/\/icoc-rdc.org\/staging\/"},{"@type":"ListItem","position":2,"name":"Mbuji-Mayi a vu le Jour"}]},{"@type":"WebSite","@id":"https:\/\/icoc-rdc.org\/staging\/#website","url":"https:\/\/icoc-rdc.org\/staging\/","name":"ICOCRDC","description":"Connaitre Dieu et le faire Connaitre aux autres","potentialAction":[{"@type":"SearchAction","target":{"@type":"EntryPoint","urlTemplate":"https:\/\/icoc-rdc.org\/staging\/?s={search_term_string}"},"query-input":"required name=search_term_string"}],"inLanguage":"fr-FR"}]}},"_links":{"self":[{"href":"https:\/\/icoc-rdc.org\/staging\/wp-json\/wp\/v2\/pages\/40192","targetHints":{"allow":["GET"]}}],"collection":[{"href":"https:\/\/icoc-rdc.org\/staging\/wp-json\/wp\/v2\/pages"}],"about":[{"href":"https:\/\/icoc-rdc.org\/staging\/wp-json\/wp\/v2\/types\/page"}],"author":[{"embeddable":true,"href":"https:\/\/icoc-rdc.org\/staging\/wp-json\/wp\/v2\/users\/1"}],"replies":[{"embeddable":true,"href":"https:\/\/icoc-rdc.org\/staging\/wp-json\/wp\/v2\/comments?post=40192"}],"version-history":[{"count":20,"href":"https:\/\/icoc-rdc.org\/staging\/wp-json\/wp\/v2\/pages\/40192\/revisions"}],"predecessor-version":[{"id":40241,"href":"https:\/\/icoc-rdc.org\/staging\/wp-json\/wp\/v2\/pages\/40192\/revisions\/40241"}],"wp:attachment":[{"href":"https:\/\/icoc-rdc.org\/staging\/wp-json\/wp\/v2\/media?parent=40192"}],"curies":[{"name":"wp","href":"https:\/\/api.w.org\/{rel}","templated":true}]}}