{"id":52814,"date":"2022-10-31T01:58:41","date_gmt":"2022-10-31T08:58:41","guid":{"rendered":"https:\/\/icoc-rdc.org\/staging\/?page_id=52814"},"modified":"2023-04-10T05:13:10","modified_gmt":"2023-04-10T12:13:10","slug":"les-nouvelles","status":"publish","type":"page","link":"https:\/\/icoc-rdc.org\/staging\/les-nouvelles\/","title":{"rendered":"News"},"content":{"rendered":"\t\t<div data-elementor-type=\"wp-page\" data-elementor-id=\"52814\" class=\"elementor elementor-52814\">\n\t\t\t\t\t\t<section class=\"elementor-section elementor-top-section elementor-element elementor-element-e091dac elementor-section-boxed elementor-section-height-default elementor-section-height-default\" data-id=\"e091dac\" data-element_type=\"section\">\n\t\t\t\t\t\t<div class=\"elementor-container elementor-column-gap-default\">\n\t\t\t\t\t<div class=\"elementor-column elementor-col-100 elementor-top-column elementor-element elementor-element-9514ef5\" data-id=\"9514ef5\" data-element_type=\"column\">\n\t\t\t<div class=\"elementor-widget-wrap elementor-element-populated\">\n\t\t\t\t\t\t<div class=\"elementor-element elementor-element-86b948d elementor-widget elementor-widget-heading\" data-id=\"86b948d\" data-element_type=\"widget\" data-widget_type=\"heading.default\">\n\t\t\t\t<div class=\"elementor-widget-container\">\n\t\t\t<h4 class=\"elementor-heading-title elementor-size-default\">Les Nouvelles:<\/h4>\t\t<\/div>\n\t\t\t\t<\/div>\n\t\t\t\t\t<\/div>\n\t\t<\/div>\n\t\t\t\t\t<\/div>\n\t\t<\/section>\n\t\t\t\t<section class=\"elementor-section elementor-top-section elementor-element elementor-element-adfbf76 elementor-section-boxed elementor-section-height-default elementor-section-height-default\" data-id=\"adfbf76\" data-element_type=\"section\">\n\t\t\t\t\t\t<div class=\"elementor-container elementor-column-gap-default\">\n\t\t\t\t\t<div class=\"elementor-column elementor-col-50 elementor-top-column elementor-element elementor-element-e228a82\" data-id=\"e228a82\" data-element_type=\"column\">\n\t\t\t<div class=\"elementor-widget-wrap elementor-element-populated\">\n\t\t\t\t\t\t<div class=\"elementor-element elementor-element-9737edb elementor-widget elementor-widget-image\" data-id=\"9737edb\" data-element_type=\"widget\" data-widget_type=\"image.default\">\n\t\t\t\t<div class=\"elementor-widget-container\">\n\t\t\t\t\t\t\t\t\t\t\t\t\t<img decoding=\"async\" src=\"https:\/\/icoc-rdc.org\/staging\/wp-content\/uploads\/elementor\/thumbs\/cidac-qt87d7lqhv546oo60cy9384sc4f8gzwpppz5abdu2k.png\" title=\"cidac\" alt=\"cidac\" class=\"elementor-animation-shrink\" loading=\"lazy\" \/>\t\t\t\t\t\t\t\t\t\t\t\t\t<\/div>\n\t\t\t\t<\/div>\n\t\t\t\t<div class=\"elementor-element elementor-element-9b3089d elementor-widget elementor-widget-text-editor\" data-id=\"9b3089d\" data-element_type=\"widget\" data-widget_type=\"text-editor.default\">\n\t\t\t\t<div class=\"elementor-widget-container\">\n\t\t\t\t\t\t\t<p><span style=\"color: #000000;\"><strong>Conf\u00e9rence 2023<\/strong>\u00a0 Lire l&#8217;Article<\/span><\/p>\t\t\t\t\t\t<\/div>\n\t\t\t\t<\/div>\n\t\t\t\t\t<\/div>\n\t\t<\/div>\n\t\t\t\t<div class=\"elementor-column elementor-col-50 elementor-top-column elementor-element elementor-element-4af0828\" data-id=\"4af0828\" data-element_type=\"column\">\n\t\t\t<div class=\"elementor-widget-wrap elementor-element-populated\">\n\t\t\t\t\t\t<div class=\"elementor-element elementor-element-5ee94d1 elementor-widget elementor-widget-image\" data-id=\"5ee94d1\" data-element_type=\"widget\" data-widget_type=\"image.default\">\n\t\t\t\t<div class=\"elementor-widget-container\">\n\t\t\t\t\t\t\t\t\t\t\t\t\t<img decoding=\"async\" src=\"https:\/\/icoc-rdc.org\/staging\/wp-content\/uploads\/elementor\/thumbs\/Jdf-Thoms-1-copie-qt87d7lqhv546oo60cy9384sc4f8gzwpppz5abdu2k.png\" title=\"Jdf Thom&#8217;s (1) copie\" alt=\"Jdf Thom&#039;s (1) copie\" class=\"elementor-animation-shrink\" loading=\"lazy\" \/>\t\t\t\t\t\t\t\t\t\t\t\t\t<\/div>\n\t\t\t\t<\/div>\n\t\t\t\t<div class=\"elementor-element elementor-element-211ac06 elementor-widget elementor-widget-text-editor\" data-id=\"211ac06\" data-element_type=\"widget\" data-widget_type=\"text-editor.default\">\n\t\t\t\t<div class=\"elementor-widget-container\">\n\t\t\t\t\t\t\t<p><span style=\"color: #000000;\"><strong>Journ\u00e9e des Femmes<\/strong>\u00a0 \u00a0Lire l&#8217;Article<\/span><\/p>\t\t\t\t\t\t<\/div>\n\t\t\t\t<\/div>\n\t\t\t\t\t<\/div>\n\t\t<\/div>\n\t\t\t\t\t<\/div>\n\t\t<\/section>\n\t\t\t\t<section class=\"elementor-section elementor-top-section elementor-element elementor-element-47d97fa elementor-section-boxed elementor-section-height-default elementor-section-height-default\" data-id=\"47d97fa\" data-element_type=\"section\">\n\t\t\t\t\t\t<div class=\"elementor-container elementor-column-gap-default\">\n\t\t\t\t\t<div class=\"elementor-column elementor-col-50 elementor-top-column elementor-element elementor-element-e5406d2\" data-id=\"e5406d2\" data-element_type=\"column\">\n\t\t\t<div class=\"elementor-widget-wrap elementor-element-populated\">\n\t\t\t\t\t\t<div class=\"elementor-element elementor-element-86823c4 elementor-widget elementor-widget-image\" data-id=\"86823c4\" data-element_type=\"widget\" data-widget_type=\"image.default\">\n\t\t\t\t<div class=\"elementor-widget-container\">\n\t\t\t\t\t\t\t\t\t\t\t\t\t<img decoding=\"async\" src=\"https:\/\/icoc-rdc.org\/staging\/wp-content\/uploads\/elementor\/thumbs\/MLK-PHOTOGRAPHY-_-5-scaled-qt87d7lqhv4ld0ptmdd6uad6ds8ywdotq44c7zs25g.jpg\" title=\"MLK PHOTOGRAPHY _-5\" alt=\"MLK PHOTOGRAPHY _-5\" class=\"elementor-animation-shrink\" loading=\"lazy\" \/>\t\t\t\t\t\t\t\t\t\t\t\t\t<\/div>\n\t\t\t\t<\/div>\n\t\t\t\t<div class=\"elementor-element elementor-element-fb02193 elementor-widget elementor-widget-text-editor\" data-id=\"fb02193\" data-element_type=\"widget\" data-widget_type=\"text-editor.default\">\n\t\t\t\t<div class=\"elementor-widget-container\">\n\t\t\t\t\t\t\t<p><span style=\"color: #000000;\"><strong>Kinshasa Brigade M\u00e9dicale<\/strong>\u00a0 Lire l&#8217;Article<\/span><\/p>\t\t\t\t\t\t<\/div>\n\t\t\t\t<\/div>\n\t\t\t\t\t<\/div>\n\t\t<\/div>\n\t\t\t\t<div class=\"elementor-column elementor-col-50 elementor-top-column elementor-element elementor-element-d7cc3f5\" data-id=\"d7cc3f5\" data-element_type=\"column\">\n\t\t\t<div class=\"elementor-widget-wrap elementor-element-populated\">\n\t\t\t\t\t\t<div class=\"elementor-element elementor-element-9b8e276 elementor-widget elementor-widget-image\" data-id=\"9b8e276\" data-element_type=\"widget\" data-widget_type=\"image.default\">\n\t\t\t\t<div class=\"elementor-widget-container\">\n\t\t\t\t\t\t\t\t\t\t\t\t\t\t<a href=\"https:\/\/icoc-rdc.org\/staging\/vision-du-futur\/\">\n\t\t\t\t\t\t\t<img fetchpriority=\"high\" decoding=\"async\" width=\"1024\" height=\"683\" src=\"https:\/\/icoc-rdc.org\/staging\/wp-content\/uploads\/2022\/11\/MLK-PHOTOGRAPHY-69-1024x683.jpg\" class=\"elementor-animation-shrink attachment-large size-large wp-image-55554\" alt=\"\" srcset=\"https:\/\/icoc-rdc.org\/staging\/wp-content\/uploads\/2022\/11\/MLK-PHOTOGRAPHY-69-1024x683.jpg 1024w, https:\/\/icoc-rdc.org\/staging\/wp-content\/uploads\/2022\/11\/MLK-PHOTOGRAPHY-69-300x200.jpg 300w, https:\/\/icoc-rdc.org\/staging\/wp-content\/uploads\/2022\/11\/MLK-PHOTOGRAPHY-69-768x512.jpg 768w, https:\/\/icoc-rdc.org\/staging\/wp-content\/uploads\/2022\/11\/MLK-PHOTOGRAPHY-69-1536x1024.jpg 1536w, https:\/\/icoc-rdc.org\/staging\/wp-content\/uploads\/2022\/11\/MLK-PHOTOGRAPHY-69-2048x1365.jpg 2048w, https:\/\/icoc-rdc.org\/staging\/wp-content\/uploads\/2022\/11\/MLK-PHOTOGRAPHY-69-770x513.jpg 770w, https:\/\/icoc-rdc.org\/staging\/wp-content\/uploads\/2022\/11\/MLK-PHOTOGRAPHY-69-370x247.jpg 370w\" sizes=\"(max-width: 1024px) 100vw, 1024px\" \/>\t\t\t\t\t\t\t\t<\/a>\n\t\t\t\t\t\t\t\t\t\t\t\t\t<\/div>\n\t\t\t\t<\/div>\n\t\t\t\t<div class=\"elementor-element elementor-element-5d8e062 elementor-widget elementor-widget-text-editor\" data-id=\"5d8e062\" data-element_type=\"widget\" data-widget_type=\"text-editor.default\">\n\t\t\t\t<div class=\"elementor-widget-container\">\n\t\t\t\t\t\t\t<p><span style=\"color: #000000;\"><strong>La vision pour le futur<\/strong>\u00a0 \u00a0<a href=\"https:\/\/icoc-rdc.org\/staging\/vision-du-futur\/\">Lire l&#8217;Article<\/a><\/span><\/p>\t\t\t\t\t\t<\/div>\n\t\t\t\t<\/div>\n\t\t\t\t\t<\/div>\n\t\t<\/div>\n\t\t\t\t\t<\/div>\n\t\t<\/section>\n\t\t\t\t<section class=\"elementor-section elementor-top-section elementor-element elementor-element-ac2ac58 elementor-section-boxed elementor-section-height-default elementor-section-height-default\" data-id=\"ac2ac58\" data-element_type=\"section\">\n\t\t\t\t\t\t<div class=\"elementor-container elementor-column-gap-default\">\n\t\t\t\t\t<div class=\"elementor-column elementor-col-50 elementor-top-column elementor-element elementor-element-5316cee\" data-id=\"5316cee\" data-element_type=\"column\">\n\t\t\t<div class=\"elementor-widget-wrap elementor-element-populated\">\n\t\t\t\t\t\t<div class=\"elementor-element elementor-element-be3abe8 elementor-widget elementor-widget-image\" data-id=\"be3abe8\" data-element_type=\"widget\" data-widget_type=\"image.default\">\n\t\t\t\t<div class=\"elementor-widget-container\">\n\t\t\t\t\t\t\t\t\t\t\t\t\t\t<a href=\"https:\/\/icoc-rdc.org\/staging\/mission-de-mbuji-mayi\/\">\n\t\t\t\t\t\t\t<img decoding=\"async\" src=\"https:\/\/icoc-rdc.org\/staging\/wp-content\/uploads\/elementor\/thumbs\/IMG-20220731-WA0044-qt87d7lqhv4ld0ptmdd6uad6ds8ywdotq44c7zs25g.jpg\" title=\"IMG-20220731-WA0044\" alt=\"IMG-20220731-WA0044\" class=\"elementor-animation-shrink\" loading=\"lazy\" \/>\t\t\t\t\t\t\t\t<\/a>\n\t\t\t\t\t\t\t\t\t\t\t\t\t<\/div>\n\t\t\t\t<\/div>\n\t\t\t\t<div class=\"elementor-element elementor-element-076c69d elementor-widget elementor-widget-text-editor\" data-id=\"076c69d\" data-element_type=\"widget\" data-widget_type=\"text-editor.default\">\n\t\t\t\t<div class=\"elementor-widget-container\">\n\t\t\t\t\t\t\t<p><span style=\"color: #000000;\"><strong>Mbuji-Mayi a vu le Jour<\/strong>\u00a0 <a href=\"https:\/\/icoc-rdc.org\/staging\/mission-de-mbuji-mayi\/\">Lire l&#8217;Article<\/a><\/span><\/p>\t\t\t\t\t\t<\/div>\n\t\t\t\t<\/div>\n\t\t\t\t\t<\/div>\n\t\t<\/div>\n\t\t\t\t<div class=\"elementor-column elementor-col-50 elementor-top-column elementor-element elementor-element-eddddca\" data-id=\"eddddca\" data-element_type=\"column\">\n\t\t\t<div class=\"elementor-widget-wrap elementor-element-populated\">\n\t\t\t\t\t\t<div class=\"elementor-element elementor-element-c043c45 elementor-widget elementor-widget-image\" data-id=\"c043c45\" data-element_type=\"widget\" data-widget_type=\"image.default\">\n\t\t\t\t<div class=\"elementor-widget-container\">\n\t\t\t\t\t\t\t\t\t\t\t\t\t\t<a href=\"https:\/\/gilbertkimeng.com\/missionary-trip-to-kinshasa-in-drc\/\">\n\t\t\t\t\t\t\t<img decoding=\"async\" width=\"1024\" height=\"683\" src=\"https:\/\/icoc-rdc.org\/staging\/wp-content\/uploads\/2022\/03\/0T0A2500-copie-1024x683.jpg\" class=\"elementor-animation-shrink attachment-large size-large wp-image-10315\" alt=\"\" srcset=\"https:\/\/icoc-rdc.org\/staging\/wp-content\/uploads\/2022\/03\/0T0A2500-copie-1024x683.jpg 1024w, https:\/\/icoc-rdc.org\/staging\/wp-content\/uploads\/2022\/03\/0T0A2500-copie-300x200.jpg 300w, https:\/\/icoc-rdc.org\/staging\/wp-content\/uploads\/2022\/03\/0T0A2500-copie-768x512.jpg 768w, https:\/\/icoc-rdc.org\/staging\/wp-content\/uploads\/2022\/03\/0T0A2500-copie-1536x1024.jpg 1536w, https:\/\/icoc-rdc.org\/staging\/wp-content\/uploads\/2022\/03\/0T0A2500-copie-2048x1365.jpg 2048w, https:\/\/icoc-rdc.org\/staging\/wp-content\/uploads\/2022\/03\/0T0A2500-copie-770x513.jpg 770w, https:\/\/icoc-rdc.org\/staging\/wp-content\/uploads\/2022\/03\/0T0A2500-copie-370x247.jpg 370w\" sizes=\"(max-width: 1024px) 100vw, 1024px\" \/>\t\t\t\t\t\t\t\t<\/a>\n\t\t\t\t\t\t\t\t\t\t\t\t\t<\/div>\n\t\t\t\t<\/div>\n\t\t\t\t<div class=\"elementor-element elementor-element-9ae8256 elementor-widget elementor-widget-text-editor\" data-id=\"9ae8256\" data-element_type=\"widget\" data-widget_type=\"text-editor.default\">\n\t\t\t\t<div class=\"elementor-widget-container\">\n\t\t\t\t\t\t\t<p><span style=\"color: #000000;\"><strong>Voyage Missionnaire \u00e0 Kinshasa<\/strong> \u00a0 <a href=\"https:\/\/gilbertkimeng.com\/missionary-trip-to-kinshasa-in-drc\/\">Lire l&#8217;Article<\/a><\/span><\/p>\t\t\t\t\t\t<\/div>\n\t\t\t\t<\/div>\n\t\t\t\t\t<\/div>\n\t\t<\/div>\n\t\t\t\t\t<\/div>\n\t\t<\/section>\n\t\t\t\t<section class=\"elementor-section elementor-top-section elementor-element elementor-element-07ec441 elementor-section-boxed elementor-section-height-default elementor-section-height-default\" data-id=\"07ec441\" data-element_type=\"section\">\n\t\t\t\t\t\t<div class=\"elementor-container elementor-column-gap-default\">\n\t\t\t\t\t<div class=\"elementor-column elementor-col-100 elementor-top-column elementor-element elementor-element-62be242\" data-id=\"62be242\" data-element_type=\"column\">\n\t\t\t<div class=\"elementor-widget-wrap elementor-element-populated\">\n\t\t\t\t\t\t<div class=\"elementor-element elementor-element-141be80 elementor-widget elementor-widget-heading\" data-id=\"141be80\" data-element_type=\"widget\" data-widget_type=\"heading.default\">\n\t\t\t\t<div class=\"elementor-widget-container\">\n\t\t\t<h5 class=\"elementor-heading-title elementor-size-default\">Visitez -Nous aussi sur:<\/h5>\t\t<\/div>\n\t\t\t\t<\/div>\n\t\t\t\t\t<\/div>\n\t\t<\/div>\n\t\t\t\t\t<\/div>\n\t\t<\/section>\n\t\t\t\t<section class=\"elementor-section elementor-top-section elementor-element elementor-element-72c57c6 elementor-section-boxed elementor-section-height-default elementor-section-height-default\" data-id=\"72c57c6\" data-element_type=\"section\">\n\t\t\t\t\t\t<div class=\"elementor-container elementor-column-gap-default\">\n\t\t\t\t\t<div class=\"elementor-column elementor-col-16 elementor-top-column elementor-element elementor-element-d6d473d\" data-id=\"d6d473d\" data-element_type=\"column\">\n\t\t\t<div class=\"elementor-widget-wrap\">\n\t\t\t\t\t\t\t<\/div>\n\t\t<\/div>\n\t\t\t\t<div class=\"elementor-column elementor-col-16 elementor-top-column elementor-element elementor-element-3ddaecf\" data-id=\"3ddaecf\" data-element_type=\"column\">\n\t\t\t<div class=\"elementor-widget-wrap elementor-element-populated\">\n\t\t\t\t\t\t<div class=\"elementor-element elementor-element-7a0134a elementor-view-default elementor-widget elementor-widget-icon\" data-id=\"7a0134a\" data-element_type=\"widget\" data-widget_type=\"icon.default\">\n\t\t\t\t<div class=\"elementor-widget-container\">\n\t\t\t\t\t<div class=\"elementor-icon-wrapper\">\n\t\t\t<a class=\"elementor-icon\" href=\"https:\/\/web.facebook.com\/Kinshasa.icoc\/\">\n\t\t\t<i aria-hidden=\"true\" class=\"fab fa-facebook\"><\/i>\t\t\t<\/a>\n\t\t<\/div>\n\t\t\t\t<\/div>\n\t\t\t\t<\/div>\n\t\t\t\t\t<\/div>\n\t\t<\/div>\n\t\t\t\t<div class=\"elementor-column elementor-col-16 elementor-top-column elementor-element elementor-element-bcd7e78\" data-id=\"bcd7e78\" data-element_type=\"column\">\n\t\t\t<div class=\"elementor-widget-wrap elementor-element-populated\">\n\t\t\t\t\t\t<div class=\"elementor-element elementor-element-1ac1990 elementor-view-default elementor-widget elementor-widget-icon\" data-id=\"1ac1990\" data-element_type=\"widget\" data-widget_type=\"icon.default\">\n\t\t\t\t<div class=\"elementor-widget-container\">\n\t\t\t\t\t<div class=\"elementor-icon-wrapper\">\n\t\t\t<a class=\"elementor-icon\" href=\"https:\/\/vm.tiktok.com\/ZMLrksMQw\/\">\n\t\t\t<i aria-hidden=\"true\" class=\"fab fa-tiktok\"><\/i>\t\t\t<\/a>\n\t\t<\/div>\n\t\t\t\t<\/div>\n\t\t\t\t<\/div>\n\t\t\t\t\t<\/div>\n\t\t<\/div>\n\t\t\t\t<div class=\"elementor-column elementor-col-16 elementor-top-column elementor-element elementor-element-a9745eb\" data-id=\"a9745eb\" data-element_type=\"column\">\n\t\t\t<div class=\"elementor-widget-wrap elementor-element-populated\">\n\t\t\t\t\t\t<div class=\"elementor-element elementor-element-1b267ba elementor-view-default elementor-widget elementor-widget-icon\" data-id=\"1b267ba\" data-element_type=\"widget\" data-widget_type=\"icon.default\">\n\t\t\t\t<div class=\"elementor-widget-container\">\n\t\t\t\t\t<div class=\"elementor-icon-wrapper\">\n\t\t\t<a class=\"elementor-icon\" href=\"https:\/\/instagram.com\/icoc.kinshasa?utm_medium=copy_link\">\n\t\t\t<i aria-hidden=\"true\" class=\"fab fa-instagram\"><\/i>\t\t\t<\/a>\n\t\t<\/div>\n\t\t\t\t<\/div>\n\t\t\t\t<\/div>\n\t\t\t\t\t<\/div>\n\t\t<\/div>\n\t\t\t\t<div class=\"elementor-column elementor-col-16 elementor-top-column elementor-element elementor-element-ceff2ad\" data-id=\"ceff2ad\" data-element_type=\"column\">\n\t\t\t<div class=\"elementor-widget-wrap elementor-element-populated\">\n\t\t\t\t\t\t<div class=\"elementor-element elementor-element-9cd54cb elementor-view-default elementor-widget elementor-widget-icon\" data-id=\"9cd54cb\" data-element_type=\"widget\" data-widget_type=\"icon.default\">\n\t\t\t\t<div class=\"elementor-widget-container\">\n\t\t\t\t\t<div class=\"elementor-icon-wrapper\">\n\t\t\t<a class=\"elementor-icon\" href=\"https:\/\/www.youtube.com\/channel\/UCeU4Y6n_3qx3_D0bPKoLMZg\/videos\">\n\t\t\t<i aria-hidden=\"true\" class=\"fab fa-youtube\"><\/i>\t\t\t<\/a>\n\t\t<\/div>\n\t\t\t\t<\/div>\n\t\t\t\t<\/div>\n\t\t\t\t\t<\/div>\n\t\t<\/div>\n\t\t\t\t<div class=\"elementor-column elementor-col-16 elementor-top-column elementor-element elementor-element-2820dd1\" data-id=\"2820dd1\" data-element_type=\"column\">\n\t\t\t<div class=\"elementor-widget-wrap\">\n\t\t\t\t\t\t\t<\/div>\n\t\t<\/div>\n\t\t\t\t\t<\/div>\n\t\t<\/section>\n\t\t\t\t<\/div>\n\t\t ","protected":false},"excerpt":{"rendered":"<p>Les Nouvelles: Conf\u00e9rence 2023\u00a0 Lire l&#8217;Article Journ\u00e9e des Femmes\u00a0 \u00a0Lire l&#8217;Article Kinshasa Brigade M\u00e9dicale\u00a0 Lire l&#8217;Article La vision pour le futur\u00a0 \u00a0Lire l&#8217;Article Mbuji-Mayi a &hellip; <\/p>\n","protected":false},"author":1,"featured_media":0,"parent":0,"menu_order":0,"comment_status":"closed","ping_status":"closed","template":"","meta":{"_acf_changed":false,"footnotes":""},"class_list":["post-52814","page","type-page","status-publish","hentry"],"acf":[],"yoast_head":"<!-- This site is optimized with the Yoast SEO plugin v23.3 - https:\/\/yoast.com\/wordpress\/plugins\/seo\/ -->\n<title>News - ICOCRDC<\/title>\n<meta name=\"description\" content=\"La Journ\u00e9e des femmes est une activit\u00e9 annuelle organis\u00e9e par les soeurs de chaque communaut\u00e9 des Eglises du Christ Internationale.\" \/>\n<meta name=\"robots\" content=\"index, follow, max-snippet:-1, max-image-preview:large, max-video-preview:-1\" \/>\n<link rel=\"canonical\" href=\"https:\/\/icoc-rdc.org\/staging\/les-nouvelles\/\" \/>\n<meta property=\"og:locale\" content=\"fr_FR\" \/>\n<meta property=\"og:type\" content=\"article\" \/>\n<meta property=\"og:title\" content=\"News - ICOCRDC\" \/>\n<meta property=\"og:description\" content=\"La Journ\u00e9e des femmes est une activit\u00e9 annuelle organis\u00e9e par les soeurs de chaque communaut\u00e9 des Eglises du Christ Internationale.\" \/>\n<meta property=\"og:url\" content=\"https:\/\/icoc-rdc.org\/staging\/les-nouvelles\/\" \/>\n<meta property=\"og:site_name\" content=\"ICOCRDC\" \/>\n<meta property=\"article:modified_time\" content=\"2023-04-10T12:13:10+00:00\" \/>\n<meta property=\"og:image\" content=\"https:\/\/icoc-rdc.org\/staging\/wp-content\/uploads\/elementor\/thumbs\/cidac-q4t2ntuak096lt10j3b63kzyxy801iyhi2881g01oc.png\" \/>\n<meta name=\"twitter:card\" content=\"summary_large_image\" \/>\n<meta name=\"twitter:label1\" content=\"Dur\u00e9e de lecture estim\u00e9e\" \/>\n\t<meta name=\"twitter:data1\" content=\"2 minutes\" \/>\n<script type=\"application\/ld+json\" class=\"yoast-schema-graph\">{\"@context\":\"https:\/\/schema.org\",\"@graph\":[{\"@type\":\"WebPage\",\"@id\":\"https:\/\/icoc-rdc.org\/staging\/les-nouvelles\/\",\"url\":\"https:\/\/icoc-rdc.org\/staging\/les-nouvelles\/\",\"name\":\"News - ICOCRDC\",\"isPartOf\":{\"@id\":\"https:\/\/icoc-rdc.org\/staging\/#website\"},\"primaryImageOfPage\":{\"@id\":\"https:\/\/icoc-rdc.org\/staging\/les-nouvelles\/#primaryimage\"},\"image\":{\"@id\":\"https:\/\/icoc-rdc.org\/staging\/les-nouvelles\/#primaryimage\"},\"thumbnailUrl\":\"https:\/\/icoc-rdc.org\/staging\/wp-content\/uploads\/elementor\/thumbs\/cidac-q4t2ntuak096lt10j3b63kzyxy801iyhi2881g01oc.png\",\"datePublished\":\"2022-10-31T08:58:41+00:00\",\"dateModified\":\"2023-04-10T12:13:10+00:00\",\"description\":\"La Journ\u00e9e des femmes est une activit\u00e9 annuelle organis\u00e9e par les soeurs de chaque communaut\u00e9 des Eglises du Christ Internationale.\",\"breadcrumb\":{\"@id\":\"https:\/\/icoc-rdc.org\/staging\/les-nouvelles\/#breadcrumb\"},\"inLanguage\":\"fr-FR\",\"potentialAction\":[{\"@type\":\"ReadAction\",\"target\":[\"https:\/\/icoc-rdc.org\/staging\/les-nouvelles\/\"]}]},{\"@type\":\"ImageObject\",\"inLanguage\":\"fr-FR\",\"@id\":\"https:\/\/icoc-rdc.org\/staging\/les-nouvelles\/#primaryimage\",\"url\":\"https:\/\/icoc-rdc.org\/staging\/wp-content\/uploads\/elementor\/thumbs\/cidac-q4t2ntuak096lt10j3b63kzyxy801iyhi2881g01oc.png\",\"contentUrl\":\"https:\/\/icoc-rdc.org\/staging\/wp-content\/uploads\/elementor\/thumbs\/cidac-q4t2ntuak096lt10j3b63kzyxy801iyhi2881g01oc.png\"},{\"@type\":\"BreadcrumbList\",\"@id\":\"https:\/\/icoc-rdc.org\/staging\/les-nouvelles\/#breadcrumb\",\"itemListElement\":[{\"@type\":\"ListItem\",\"position\":1,\"name\":\"Accueil\",\"item\":\"https:\/\/icoc-rdc.org\/staging\/\"},{\"@type\":\"ListItem\",\"position\":2,\"name\":\"News\"}]},{\"@type\":\"WebSite\",\"@id\":\"https:\/\/icoc-rdc.org\/staging\/#website\",\"url\":\"https:\/\/icoc-rdc.org\/staging\/\",\"name\":\"ICOCRDC\",\"description\":\"Connaitre Dieu et le faire Connaitre aux autres\",\"potentialAction\":[{\"@type\":\"SearchAction\",\"target\":{\"@type\":\"EntryPoint\",\"urlTemplate\":\"https:\/\/icoc-rdc.org\/staging\/?s={search_term_string}\"},\"query-input\":\"required name=search_term_string\"}],\"inLanguage\":\"fr-FR\"}]}<\/script>\n<!-- \/ Yoast SEO plugin. -->","yoast_head_json":{"title":"News - ICOCRDC","description":"La Journ\u00e9e des femmes est une activit\u00e9 annuelle organis\u00e9e par les soeurs de chaque communaut\u00e9 des Eglises du Christ Internationale.","robots":{"index":"index","follow":"follow","max-snippet":"max-snippet:-1","max-image-preview":"max-image-preview:large","max-video-preview":"max-video-preview:-1"},"canonical":"https:\/\/icoc-rdc.org\/staging\/les-nouvelles\/","og_locale":"fr_FR","og_type":"article","og_title":"News - ICOCRDC","og_description":"La Journ\u00e9e des femmes est une activit\u00e9 annuelle organis\u00e9e par les soeurs de chaque communaut\u00e9 des Eglises du Christ Internationale.","og_url":"https:\/\/icoc-rdc.org\/staging\/les-nouvelles\/","og_site_name":"ICOCRDC","article_modified_time":"2023-04-10T12:13:10+00:00","og_image":[{"url":"https:\/\/icoc-rdc.org\/staging\/wp-content\/uploads\/elementor\/thumbs\/cidac-q4t2ntuak096lt10j3b63kzyxy801iyhi2881g01oc.png"}],"twitter_card":"summary_large_image","twitter_misc":{"Dur\u00e9e de lecture estim\u00e9e":"2 minutes"},"schema":{"@context":"https:\/\/schema.org","@graph":[{"@type":"WebPage","@id":"https:\/\/icoc-rdc.org\/staging\/les-nouvelles\/","url":"https:\/\/icoc-rdc.org\/staging\/les-nouvelles\/","name":"News - ICOCRDC","isPartOf":{"@id":"https:\/\/icoc-rdc.org\/staging\/#website"},"primaryImageOfPage":{"@id":"https:\/\/icoc-rdc.org\/staging\/les-nouvelles\/#primaryimage"},"image":{"@id":"https:\/\/icoc-rdc.org\/staging\/les-nouvelles\/#primaryimage"},"thumbnailUrl":"https:\/\/icoc-rdc.org\/staging\/wp-content\/uploads\/elementor\/thumbs\/cidac-q4t2ntuak096lt10j3b63kzyxy801iyhi2881g01oc.png","datePublished":"2022-10-31T08:58:41+00:00","dateModified":"2023-04-10T12:13:10+00:00","description":"La Journ\u00e9e des femmes est une activit\u00e9 annuelle organis\u00e9e par les soeurs de chaque communaut\u00e9 des Eglises du Christ Internationale.","breadcrumb":{"@id":"https:\/\/icoc-rdc.org\/staging\/les-nouvelles\/#breadcrumb"},"inLanguage":"fr-FR","potentialAction":[{"@type":"ReadAction","target":["https:\/\/icoc-rdc.org\/staging\/les-nouvelles\/"]}]},{"@type":"ImageObject","inLanguage":"fr-FR","@id":"https:\/\/icoc-rdc.org\/staging\/les-nouvelles\/#primaryimage","url":"https:\/\/icoc-rdc.org\/staging\/wp-content\/uploads\/elementor\/thumbs\/cidac-q4t2ntuak096lt10j3b63kzyxy801iyhi2881g01oc.png","contentUrl":"https:\/\/icoc-rdc.org\/staging\/wp-content\/uploads\/elementor\/thumbs\/cidac-q4t2ntuak096lt10j3b63kzyxy801iyhi2881g01oc.png"},{"@type":"BreadcrumbList","@id":"https:\/\/icoc-rdc.org\/staging\/les-nouvelles\/#breadcrumb","itemListElement":[{"@type":"ListItem","position":1,"name":"Accueil","item":"https:\/\/icoc-rdc.org\/staging\/"},{"@type":"ListItem","position":2,"name":"News"}]},{"@type":"WebSite","@id":"https:\/\/icoc-rdc.org\/staging\/#website","url":"https:\/\/icoc-rdc.org\/staging\/","name":"ICOCRDC","description":"Connaitre Dieu et le faire Connaitre aux autres","potentialAction":[{"@type":"SearchAction","target":{"@type":"EntryPoint","urlTemplate":"https:\/\/icoc-rdc.org\/staging\/?s={search_term_string}"},"query-input":"required name=search_term_string"}],"inLanguage":"fr-FR"}]}},"_links":{"self":[{"href":"https:\/\/icoc-rdc.org\/staging\/wp-json\/wp\/v2\/pages\/52814","targetHints":{"allow":["GET"]}}],"collection":[{"href":"https:\/\/icoc-rdc.org\/staging\/wp-json\/wp\/v2\/pages"}],"about":[{"href":"https:\/\/icoc-rdc.org\/staging\/wp-json\/wp\/v2\/types\/page"}],"author":[{"embeddable":true,"href":"https:\/\/icoc-rdc.org\/staging\/wp-json\/wp\/v2\/users\/1"}],"replies":[{"embeddable":true,"href":"https:\/\/icoc-rdc.org\/staging\/wp-json\/wp\/v2\/comments?post=52814"}],"version-history":[{"count":32,"href":"https:\/\/icoc-rdc.org\/staging\/wp-json\/wp\/v2\/pages\/52814\/revisions"}],"predecessor-version":[{"id":113366,"href":"https:\/\/icoc-rdc.org\/staging\/wp-json\/wp\/v2\/pages\/52814\/revisions\/113366"}],"wp:attachment":[{"href":"https:\/\/icoc-rdc.org\/staging\/wp-json\/wp\/v2\/media?parent=52814"}],"curies":[{"name":"wp","href":"https:\/\/api.w.org\/{rel}","templated":true}]}}